{"id":16429,"date":"2026-04-16T12:57:27","date_gmt":"2026-04-16T10:57:27","guid":{"rendered":"https:\/\/swiatwesternu.pl\/?post_type=product&#038;p=16429"},"modified":"2026-04-17T10:17:36","modified_gmt":"2026-04-17T08:17:36","slug":"oglowie-i-napiersnik-braided","status":"publish","type":"product","link":"https:\/\/swiatwesternu.pl\/en\/product\/oglowie-i-napiersnik-braided\/","title":{"rendered":"Og\u0142owie i napier\u015bnik braided"},"content":{"rendered":"<p>B\u0105d\u017a na bie\u017c\u0105co z nowo\u015bciami, promocjami i inspiracjami z naszego sklepu. Obserwuj nas w social mediach, gdzie prezentujemy nowe produkty oraz aktualne oferty.<\/p>\n<p>\u27a1\ufe0f Obserwuj nas na\u00a0<a href=\"https:\/\/www.facebook.com\/swiatwesternu\/\" target=\"_blank\" rel=\"noopener\">Facebooku<\/a><\/p>\n<p>\u27a1\ufe0f Obserwuj nas\u00a0na\u00a0<a href=\"https:\/\/www.instagram.com\/swiatwesternu\/\" target=\"_blank\" rel=\"noopener\">Instagramie<\/a><\/p>\n<p>\u27a1\ufe0f\u00a0<a href=\"https:\/\/swiatwesternu.pl\/en\/kontakt\/\">Contact us!<\/a>\u00a0je\u015bli masz pytania lub potrzebujesz pomocy<\/p>","protected":false},"excerpt":{"rendered":"<p>Og\u0142owie i napier\u015bnik braided to solidnie wykonany zestaw western obejmuj\u0105cy og\u0142owie oraz napier\u015bnik w ciemnym odcieniu. Og\u0142owie wyr\u00f3\u017cnia si\u0119 starannie splecion\u0105 sk\u00f3r\u0105 na paskach policzkowych i nacz\u00f3\u0142ku oraz plecionym napier\u015bnikiem, kt\u00f3ry dodaje ca\u0142o\u015bci klasycznego kowbojskiego charakteru.<\/p>\n<p>To kompletny i efektowny zestaw, kt\u00f3ry \u015bwietnie sprawdzi si\u0119 zar\u00f3wno do jazdy codziennej jak i na zawody<\/p>","protected":false},"featured_media":16430,"template":"","meta":{"_acf_changed":false,"site-sidebar-layout":"default","site-content-layout":"","ast-site-content-layout":"default","site-content-style":"default","site-sidebar-style":"default","ast-global-header-display":"","ast-banner-title-visibility":"","ast-main-header-display":"","ast-hfb-above-header-display":"","ast-hfb-below-header-display":"","ast-hfb-mobile-header-display":"","site-post-title":"","ast-breadcrumbs-content":"","ast-featured-img":"","footer-sml-layout":"","ast-disable-related-posts":"","theme-transparent-header-meta":"default","adv-header-id-meta":"","stick-header-meta":"","header-above-stick-meta":"","header-main-stick-meta":"","header-below-stick-meta":"","astra-migrate-meta-layouts":"set","ast-page-background-enabled":"default","ast-page-background-meta":{"desktop":{"background-color":"var(--ast-global-color-4)","background-image":"","background-repeat":"repeat","background-position":"center center","background-size":"auto","background-attachment":"scroll","background-type":"","background-media":"","overlay-type":"","overlay-color":"","overlay-opacity":"","overlay-gradient":""},"tablet":{"background-color":"","background-image":"","background-repeat":"repeat","background-position":"center center","background-size":"auto","background-attachment":"scroll","background-type":"","background-media":"","overlay-type":"","overlay-color":"","overlay-opacity":"","overlay-gradient":""},"mobile":{"background-color":"","background-image":"","background-repeat":"repeat","background-position":"center center","background-size":"auto","background-attachment":"scroll","background-type":"","background-media":"","overlay-type":"","overlay-color":"","overlay-opacity":"","overlay-gradient":""}},"ast-content-background-meta":{"desktop":{"background-color":"var(--ast-global-color-5)","background-image":"","background-repeat":"repeat","background-position":"center center","background-size":"auto","background-attachment":"scroll","background-type":"","background-media":"","overlay-type":"","overlay-color":"","overlay-opacity":"","overlay-gradient":""},"tablet":{"background-color":"var(--ast-global-color-5)","background-image":"","background-repeat":"repeat","background-position":"center center","background-size":"auto","background-attachment":"scroll","background-type":"","background-media":"","overlay-type":"","overlay-color":"","overlay-opacity":"","overlay-gradient":""},"mobile":{"background-color":"var(--ast-global-color-5)","background-image":"","background-repeat":"repeat","background-position":"center center","background-size":"auto","background-attachment":"scroll","background-type":"","background-media":"","overlay-type":"","overlay-color":"","overlay-opacity":"","overlay-gradient":""}}},"product_brand":[],"product_cat":[59,21,48,128,30],"product_tag":[],"class_list":{"0":"post-16429","1":"product","2":"type-product","3":"status-publish","4":"has-post-thumbnail","6":"product_cat-komplety","7":"product_cat-kon","8":"product_cat-napiersniki_i_wytoki","9":"product_cat-oglowia","10":"product_cat-oglowie","11":"desktop-align-left","12":"tablet-align-left","13":"mobile-align-left","15":"first","16":"instock","17":"shipping-taxable","18":"purchasable","19":"product-type-simple"},"acf":[],"_links":{"self":[{"href":"https:\/\/swiatwesternu.pl\/en\/wp-json\/wp\/v2\/product\/16429","targetHints":{"allow":["GET"]}}],"collection":[{"href":"https:\/\/swiatwesternu.pl\/en\/wp-json\/wp\/v2\/product"}],"about":[{"href":"https:\/\/swiatwesternu.pl\/en\/wp-json\/wp\/v2\/types\/product"}],"wp:featuredmedia":[{"embeddable":true,"href":"https:\/\/swiatwesternu.pl\/en\/wp-json\/wp\/v2\/media\/16430"}],"wp:attachment":[{"href":"https:\/\/swiatwesternu.pl\/en\/wp-json\/wp\/v2\/media?parent=16429"}],"wp:term":[{"taxonomy":"product_brand","embeddable":true,"href":"https:\/\/swiatwesternu.pl\/en\/wp-json\/wp\/v2\/product_brand?post=16429"},{"taxonomy":"product_cat","embeddable":true,"href":"https:\/\/swiatwesternu.pl\/en\/wp-json\/wp\/v2\/product_cat?post=16429"},{"taxonomy":"product_tag","embeddable":true,"href":"https:\/\/swiatwesternu.pl\/en\/wp-json\/wp\/v2\/product_tag?post=16429"}],"curies":[{"name":"wp","href":"https:\/\/api.w.org\/{rel}","templated":true}]}}