{"id":16422,"date":"2026-04-16T10:50:42","date_gmt":"2026-04-16T08:50:42","guid":{"rendered":"https:\/\/swiatwesternu.pl\/?post_type=product&#038;p=16422"},"modified":"2026-04-16T10:50:49","modified_gmt":"2026-04-16T08:50:49","slug":"bandana-czarna","status":"publish","type":"product","link":"https:\/\/swiatwesternu.pl\/en\/product\/bandana-czarna\/","title":{"rendered":"Bandana czarna"},"content":{"rendered":"<p>B\u0105d\u017a na bie\u017c\u0105co z nowo\u015bciami, promocjami i inspiracjami z naszego sklepu. Obserwuj nas w social mediach, gdzie prezentujemy nowe produkty oraz aktualne oferty.<\/p>\n<p>\u27a1\ufe0f Obserwuj nas na\u00a0<a href=\"https:\/\/www.facebook.com\/swiatwesternu\/\" target=\"_blank\" rel=\"noopener\">Facebooku<\/a><\/p>\n<p>\u27a1\ufe0f Obserwuj nas\u00a0na\u00a0<a href=\"https:\/\/www.instagram.com\/swiatwesternu\/\" target=\"_blank\" rel=\"noopener\">Instagramie<\/a><\/p>\n<p>\u27a1\ufe0f\u00a0<a href=\"https:\/\/swiatwesternu.pl\/en\/kontakt\/\">Contact us!<\/a>\u00a0je\u015bli masz pytania lub potrzebujesz pomocy<\/p>","protected":false},"excerpt":{"rendered":"<p>Bandana czarna w stylu western z ponadczasowym wzorem. Wykonana z lekkiego materia\u0142u, sprawdzi si\u0119 zar\u00f3wno podczas jazdy konnej, jak i na co dzie\u0144.<\/p>\n<p>Cechy produktu:<\/p>\n<ul>\n<li>kolor: czarny z bia\u0142ym wzorem<\/li>\n<li>lekki materia\u0142<\/li>\n<li>klasyczny, uniwersalny rozmiar<\/li>\n<li>pra\u0107 r\u0119cznie<\/li>\n<\/ul>\n<p>Zastosowanie:<\/p>\n<ul>\n<li>jako chusta na szyj\u0119<\/li>\n<li>ochrona przed kurzem i s\u0142o\u0144cem<\/li>\n<li>element stylizacji western \/ casual<\/li>\n<li>do jazdy konnej i codziennego u\u017cytku<\/li>\n<\/ul>\n<p>Dlaczego warto:<\/p>\n<ul>\n<li>ponadczasowy styl western<\/li>\n<li>funkcjonalno\u015b\u0107 i wygoda<\/li>\n<li>\u0142atwa do dopasowania do ka\u017cdej stylizacji<\/li>\n<\/ul>\n<p>&nbsp;<\/p>","protected":false},"featured_media":16423,"template":"","meta":{"_acf_changed":false,"site-sidebar-layout":"default","site-content-layout":"","ast-site-content-layout":"default","site-content-style":"default","site-sidebar-style":"default","ast-global-header-display":"","ast-banner-title-visibility":"","ast-main-header-display":"","ast-hfb-above-header-display":"","ast-hfb-below-header-display":"","ast-hfb-mobile-header-display":"","site-post-title":"","ast-breadcrumbs-content":"","ast-featured-img":"","footer-sml-layout":"","ast-disable-related-posts":"","theme-transparent-header-meta":"default","adv-header-id-meta":"","stick-header-meta":"","header-above-stick-meta":"","header-main-stick-meta":"","header-below-stick-meta":"","astra-migrate-meta-layouts":"set","ast-page-background-enabled":"default","ast-page-background-meta":{"desktop":{"background-color":"var(--ast-global-color-4)","background-image":"","background-repeat":"repeat","background-position":"center center","background-size":"auto","background-attachment":"scroll","background-type":"","background-media":"","overlay-type":"","overlay-color":"","overlay-opacity":"","overlay-gradient":""},"tablet":{"background-color":"","background-image":"","background-repeat":"repeat","background-position":"center center","background-size":"auto","background-attachment":"scroll","background-type":"","background-media":"","overlay-type":"","overlay-color":"","overlay-opacity":"","overlay-gradient":""},"mobile":{"background-color":"","background-image":"","background-repeat":"repeat","background-position":"center center","background-size":"auto","background-attachment":"scroll","background-type":"","background-media":"","overlay-type":"","overlay-color":"","overlay-opacity":"","overlay-gradient":""}},"ast-content-background-meta":{"desktop":{"background-color":"var(--ast-global-color-5)","background-image":"","background-repeat":"repeat","background-position":"center center","background-size":"auto","background-attachment":"scroll","background-type":"","background-media":"","overlay-type":"","overlay-color":"","overlay-opacity":"","overlay-gradient":""},"tablet":{"background-color":"var(--ast-global-color-5)","background-image":"","background-repeat":"repeat","background-position":"center center","background-size":"auto","background-attachment":"scroll","background-type":"","background-media":"","overlay-type":"","overlay-color":"","overlay-opacity":"","overlay-gradient":""},"mobile":{"background-color":"var(--ast-global-color-5)","background-image":"","background-repeat":"repeat","background-position":"center center","background-size":"auto","background-attachment":"scroll","background-type":"","background-media":"","overlay-type":"","overlay-color":"","overlay-opacity":"","overlay-gradient":""}}},"product_brand":[],"product_cat":[143,22],"product_tag":[],"class_list":{"0":"post-16422","1":"product","2":"type-product","3":"status-publish","4":"has-post-thumbnail","6":"product_cat-akcesoria-jezdziec","7":"product_cat-jezdziec","8":"desktop-align-left","9":"tablet-align-left","10":"mobile-align-left","12":"first","13":"instock","14":"shipping-taxable","15":"purchasable","16":"product-type-simple"},"acf":[],"_links":{"self":[{"href":"https:\/\/swiatwesternu.pl\/en\/wp-json\/wp\/v2\/product\/16422","targetHints":{"allow":["GET"]}}],"collection":[{"href":"https:\/\/swiatwesternu.pl\/en\/wp-json\/wp\/v2\/product"}],"about":[{"href":"https:\/\/swiatwesternu.pl\/en\/wp-json\/wp\/v2\/types\/product"}],"wp:featuredmedia":[{"embeddable":true,"href":"https:\/\/swiatwesternu.pl\/en\/wp-json\/wp\/v2\/media\/16423"}],"wp:attachment":[{"href":"https:\/\/swiatwesternu.pl\/en\/wp-json\/wp\/v2\/media?parent=16422"}],"wp:term":[{"taxonomy":"product_brand","embeddable":true,"href":"https:\/\/swiatwesternu.pl\/en\/wp-json\/wp\/v2\/product_brand?post=16422"},{"taxonomy":"product_cat","embeddable":true,"href":"https:\/\/swiatwesternu.pl\/en\/wp-json\/wp\/v2\/product_cat?post=16422"},{"taxonomy":"product_tag","embeddable":true,"href":"https:\/\/swiatwesternu.pl\/en\/wp-json\/wp\/v2\/product_tag?post=16422"}],"curies":[{"name":"wp","href":"https:\/\/api.w.org\/{rel}","templated":true}]}}