{"id":16419,"date":"2026-04-16T10:11:23","date_gmt":"2026-04-16T08:11:23","guid":{"rendered":"https:\/\/swiatwesternu.pl\/?post_type=product&#038;p=16419"},"modified":"2026-04-16T10:11:24","modified_gmt":"2026-04-16T08:11:24","slug":"strzemiona-western-blossom","status":"publish","type":"product","link":"https:\/\/swiatwesternu.pl\/en\/product\/strzemiona-western-blossom\/","title":{"rendered":"Strzemiona western Blossom"},"content":{"rendered":"<p>B\u0105d\u017a na bie\u017c\u0105co z nowo\u015bciami, promocjami i inspiracjami z naszego sklepu. Obserwuj nas w social mediach, gdzie prezentujemy nowe produkty oraz aktualne oferty.<\/p>\n<p>\u27a1\ufe0f Obserwuj nas na\u00a0<a href=\"https:\/\/www.facebook.com\/swiatwesternu\/\" target=\"_blank\" rel=\"noopener\">Facebooku<\/a><\/p>\n<p>\u27a1\ufe0f Obserwuj nas\u00a0na\u00a0<a href=\"https:\/\/www.instagram.com\/swiatwesternu\/\" target=\"_blank\" rel=\"noopener\">Instagramie<\/a><\/p>\n<p>\u27a1\ufe0f\u00a0<a href=\"https:\/\/swiatwesternu.pl\/en\/kontakt\/\">Contact us!<\/a>\u00a0je\u015bli masz pytania lub potrzebujesz pomocy<\/p>","protected":false},"excerpt":{"rendered":"<p>Strzemiona western Blossom wykonane ze stali, \u0142\u0105cz\u0105ce trwa\u0142o\u015b\u0107 z eleganckim, klasycznym wzornictwem. Ozdobione ro\u015blinnym ornamentem oraz detalami w kolorze antycznym, doskonale podkre\u015blaj\u0105 charakter.<\/p>\n<p>Cechy produktu:<\/p>\n<ul>\n<li>materia\u0142: stal<\/li>\n<li>kolor: ciemny metal z ozdobnymi elementami w kolorze antycznym<\/li>\n<li>zdobienia: motyw ro\u015blinny<\/li>\n<li>gumowa stopka zapewniaj\u0105ca stabilno\u015b\u0107 i komfort<\/li>\n<li>klasyczny kszta\u0142t western<\/li>\n<\/ul>\n<p>Zastosowanie:<\/p>\n<ul>\n<li>do siode\u0142 westernowych<\/li>\n<li>jazda rekreacyjna i treningowa<\/li>\n<li>idealne r\u00f3wnie\u017c do zestaw\u00f3w pokazowych<\/li>\n<\/ul>\n<p>Zalety:<\/p>\n<ul>\n<li>trwa\u0142a konstrukcja<\/li>\n<li>wygodne podparcie stopy<\/li>\n<li>elegancki, stylowy wygl\u0105d<\/li>\n<\/ul>","protected":false},"featured_media":16421,"template":"","meta":{"_acf_changed":false,"site-sidebar-layout":"default","site-content-layout":"","ast-site-content-layout":"default","site-content-style":"default","site-sidebar-style":"default","ast-global-header-display":"","ast-banner-title-visibility":"","ast-main-header-display":"","ast-hfb-above-header-display":"","ast-hfb-below-header-display":"","ast-hfb-mobile-header-display":"","site-post-title":"","ast-breadcrumbs-content":"","ast-featured-img":"","footer-sml-layout":"","ast-disable-related-posts":"","theme-transparent-header-meta":"default","adv-header-id-meta":"","stick-header-meta":"","header-above-stick-meta":"","header-main-stick-meta":"","header-below-stick-meta":"","astra-migrate-meta-layouts":"set","ast-page-background-enabled":"default","ast-page-background-meta":{"desktop":{"background-color":"var(--ast-global-color-4)","background-image":"","background-repeat":"repeat","background-position":"center center","background-size":"auto","background-attachment":"scroll","background-type":"","background-media":"","overlay-type":"","overlay-color":"","overlay-opacity":"","overlay-gradient":""},"tablet":{"background-color":"","background-image":"","background-repeat":"repeat","background-position":"center center","background-size":"auto","background-attachment":"scroll","background-type":"","background-media":"","overlay-type":"","overlay-color":"","overlay-opacity":"","overlay-gradient":""},"mobile":{"background-color":"","background-image":"","background-repeat":"repeat","background-position":"center center","background-size":"auto","background-attachment":"scroll","background-type":"","background-media":"","overlay-type":"","overlay-color":"","overlay-opacity":"","overlay-gradient":""}},"ast-content-background-meta":{"desktop":{"background-color":"var(--ast-global-color-5)","background-image":"","background-repeat":"repeat","background-position":"center center","background-size":"auto","background-attachment":"scroll","background-type":"","background-media":"","overlay-type":"","overlay-color":"","overlay-opacity":"","overlay-gradient":""},"tablet":{"background-color":"var(--ast-global-color-5)","background-image":"","background-repeat":"repeat","background-position":"center center","background-size":"auto","background-attachment":"scroll","background-type":"","background-media":"","overlay-type":"","overlay-color":"","overlay-opacity":"","overlay-gradient":""},"mobile":{"background-color":"var(--ast-global-color-5)","background-image":"","background-repeat":"repeat","background-position":"center center","background-size":"auto","background-attachment":"scroll","background-type":"","background-media":"","overlay-type":"","overlay-color":"","overlay-opacity":"","overlay-gradient":""}}},"product_brand":[],"product_cat":[50,21,47],"product_tag":[],"class_list":{"0":"post-16419","1":"product","2":"type-product","3":"status-publish","4":"has-post-thumbnail","6":"product_cat-strzemiona","7":"product_cat-kon","8":"product_cat-osprzet_do_siodla","9":"desktop-align-left","10":"tablet-align-left","11":"mobile-align-left","13":"first","14":"instock","15":"shipping-taxable","16":"purchasable","17":"product-type-simple"},"acf":[],"_links":{"self":[{"href":"https:\/\/swiatwesternu.pl\/en\/wp-json\/wp\/v2\/product\/16419","targetHints":{"allow":["GET"]}}],"collection":[{"href":"https:\/\/swiatwesternu.pl\/en\/wp-json\/wp\/v2\/product"}],"about":[{"href":"https:\/\/swiatwesternu.pl\/en\/wp-json\/wp\/v2\/types\/product"}],"wp:featuredmedia":[{"embeddable":true,"href":"https:\/\/swiatwesternu.pl\/en\/wp-json\/wp\/v2\/media\/16421"}],"wp:attachment":[{"href":"https:\/\/swiatwesternu.pl\/en\/wp-json\/wp\/v2\/media?parent=16419"}],"wp:term":[{"taxonomy":"product_brand","embeddable":true,"href":"https:\/\/swiatwesternu.pl\/en\/wp-json\/wp\/v2\/product_brand?post=16419"},{"taxonomy":"product_cat","embeddable":true,"href":"https:\/\/swiatwesternu.pl\/en\/wp-json\/wp\/v2\/product_cat?post=16419"},{"taxonomy":"product_tag","embeddable":true,"href":"https:\/\/swiatwesternu.pl\/en\/wp-json\/wp\/v2\/product_tag?post=16419"}],"curies":[{"name":"wp","href":"https:\/\/api.w.org\/{rel}","templated":true}]}}