{"id":16404,"date":"2026-04-16T09:33:12","date_gmt":"2026-04-16T07:33:12","guid":{"rendered":"https:\/\/swiatwesternu.pl\/?post_type=product&#038;p=16404"},"modified":"2026-04-16T09:33:31","modified_gmt":"2026-04-16T07:33:31","slug":"gwiazdki-do-ostrog-metalab","status":"publish","type":"product","link":"https:\/\/swiatwesternu.pl\/en\/product\/gwiazdki-do-ostrog-metalab\/","title":{"rendered":"Gwiazdki do ostr\u00f3g Metalab"},"content":{"rendered":"<p>B\u0105d\u017a na bie\u017c\u0105co z nowo\u015bciami, promocjami i inspiracjami z naszego sklepu. Obserwuj nas w social mediach, gdzie prezentujemy nowe produkty oraz aktualne oferty.<\/p>\n<p>\u27a1\ufe0f Obserwuj nas na\u00a0<a href=\"https:\/\/www.facebook.com\/swiatwesternu\/\" target=\"_blank\" rel=\"noopener\">Facebooku<\/a><\/p>\n<p>\u27a1\ufe0f Obserwuj nas\u00a0na\u00a0<a href=\"https:\/\/www.instagram.com\/swiatwesternu\/\" target=\"_blank\" rel=\"noopener\">Instagramie<\/a><\/p>\n<p>\u27a1\ufe0f\u00a0<a href=\"https:\/\/swiatwesternu.pl\/en\/kontakt\/\">Contact us!<\/a>\u00a0je\u015bli masz pytania lub potrzebujesz pomocy<\/p>","protected":false},"excerpt":{"rendered":"<p>Gwiazdki do ostr\u00f3g Metalab w stylu western przeznaczone do wymiany lub personalizacji ostr\u00f3g. Charakteryzuje si\u0119 prostym, promienistym kszta\u0142tem.<\/p>\n<p>Cechy produktu:<\/p>\n<ul>\n<li>materia\u0142: trwa\u0142y metal<\/li>\n<li>kolor: srebrny<\/li>\n<li>precyzyjne wykonanie<\/li>\n<li>bez zestawu monta\u017cowego<\/li>\n<li>\u015brednica: 4 cm<\/li>\n<\/ul>\n<p>W zestawie:<\/p>\n<ul>\n<li>2x gwiazdka do ostr\u00f3g<\/li>\n<li>brak zestawu monta\u017cowego (\u015brubki, bolce nie s\u0105 do\u0142\u0105czone)<\/li>\n<\/ul>\n<p>Zastosowanie:<\/p>\n<ul>\n<li>wymiana zu\u017cytej gwiazdki<\/li>\n<li>personalizacja ostr\u00f3g westernowych<\/li>\n<li>element dekoracyjny i funkcjonalny<\/li>\n<\/ul>","protected":false},"featured_media":16405,"template":"","meta":{"_acf_changed":false,"site-sidebar-layout":"default","site-content-layout":"","ast-site-content-layout":"default","site-content-style":"default","site-sidebar-style":"default","ast-global-header-display":"","ast-banner-title-visibility":"","ast-main-header-display":"","ast-hfb-above-header-display":"","ast-hfb-below-header-display":"","ast-hfb-mobile-header-display":"","site-post-title":"","ast-breadcrumbs-content":"","ast-featured-img":"","footer-sml-layout":"","ast-disable-related-posts":"","theme-transparent-header-meta":"default","adv-header-id-meta":"","stick-header-meta":"","header-above-stick-meta":"","header-main-stick-meta":"","header-below-stick-meta":"","astra-migrate-meta-layouts":"set","ast-page-background-enabled":"default","ast-page-background-meta":{"desktop":{"background-color":"var(--ast-global-color-4)","background-image":"","background-repeat":"repeat","background-position":"center center","background-size":"auto","background-attachment":"scroll","background-type":"","background-media":"","overlay-type":"","overlay-color":"","overlay-opacity":"","overlay-gradient":""},"tablet":{"background-color":"","background-image":"","background-repeat":"repeat","background-position":"center center","background-size":"auto","background-attachment":"scroll","background-type":"","background-media":"","overlay-type":"","overlay-color":"","overlay-opacity":"","overlay-gradient":""},"mobile":{"background-color":"","background-image":"","background-repeat":"repeat","background-position":"center center","background-size":"auto","background-attachment":"scroll","background-type":"","background-media":"","overlay-type":"","overlay-color":"","overlay-opacity":"","overlay-gradient":""}},"ast-content-background-meta":{"desktop":{"background-color":"var(--ast-global-color-5)","background-image":"","background-repeat":"repeat","background-position":"center center","background-size":"auto","background-attachment":"scroll","background-type":"","background-media":"","overlay-type":"","overlay-color":"","overlay-opacity":"","overlay-gradient":""},"tablet":{"background-color":"var(--ast-global-color-5)","background-image":"","background-repeat":"repeat","background-position":"center center","background-size":"auto","background-attachment":"scroll","background-type":"","background-media":"","overlay-type":"","overlay-color":"","overlay-opacity":"","overlay-gradient":""},"mobile":{"background-color":"var(--ast-global-color-5)","background-image":"","background-repeat":"repeat","background-position":"center center","background-size":"auto","background-attachment":"scroll","background-type":"","background-media":"","overlay-type":"","overlay-color":"","overlay-opacity":"","overlay-gradient":""}}},"product_brand":[],"product_cat":[71,22,70],"product_tag":[],"class_list":{"0":"post-16404","1":"product","2":"type-product","3":"status-publish","4":"has-post-thumbnail","6":"product_cat-ostrogi","7":"product_cat-jezdziec","8":"product_cat-ostrogi_i_paski","9":"desktop-align-left","10":"tablet-align-left","11":"mobile-align-left","13":"first","14":"instock","15":"shipping-taxable","16":"purchasable","17":"product-type-simple"},"acf":[],"_links":{"self":[{"href":"https:\/\/swiatwesternu.pl\/en\/wp-json\/wp\/v2\/product\/16404","targetHints":{"allow":["GET"]}}],"collection":[{"href":"https:\/\/swiatwesternu.pl\/en\/wp-json\/wp\/v2\/product"}],"about":[{"href":"https:\/\/swiatwesternu.pl\/en\/wp-json\/wp\/v2\/types\/product"}],"wp:featuredmedia":[{"embeddable":true,"href":"https:\/\/swiatwesternu.pl\/en\/wp-json\/wp\/v2\/media\/16405"}],"wp:attachment":[{"href":"https:\/\/swiatwesternu.pl\/en\/wp-json\/wp\/v2\/media?parent=16404"}],"wp:term":[{"taxonomy":"product_brand","embeddable":true,"href":"https:\/\/swiatwesternu.pl\/en\/wp-json\/wp\/v2\/product_brand?post=16404"},{"taxonomy":"product_cat","embeddable":true,"href":"https:\/\/swiatwesternu.pl\/en\/wp-json\/wp\/v2\/product_cat?post=16404"},{"taxonomy":"product_tag","embeddable":true,"href":"https:\/\/swiatwesternu.pl\/en\/wp-json\/wp\/v2\/product_tag?post=16404"}],"curies":[{"name":"wp","href":"https:\/\/api.w.org\/{rel}","templated":true}]}}