{"id":16402,"date":"2026-04-16T09:24:02","date_gmt":"2026-04-16T07:24:02","guid":{"rendered":"https:\/\/swiatwesternu.pl\/?post_type=product&#038;p=16402"},"modified":"2026-04-27T10:32:49","modified_gmt":"2026-04-27T08:32:49","slug":"pasek-laczacy-popregi-connector-strap","status":"publish","type":"product","link":"https:\/\/swiatwesternu.pl\/en\/product\/pasek-laczacy-popregi-connector-strap\/","title":{"rendered":"Pasek \u0142\u0105cz\u0105cy popr\u0119gi-Connector strap"},"content":{"rendered":"<p>B\u0105d\u017a na bie\u017c\u0105co z nowo\u015bciami, promocjami i inspiracjami z naszego sklepu. Obserwuj nas w social mediach, gdzie prezentujemy nowe produkty oraz aktualne oferty.<\/p>\n<p>\u27a1\ufe0f Obserwuj nas na\u00a0<a href=\"https:\/\/www.facebook.com\/swiatwesternu\/\" target=\"_blank\" rel=\"noopener\">Facebooku<\/a><\/p>\n<p>\u27a1\ufe0f Obserwuj nas\u00a0na\u00a0<a href=\"https:\/\/www.instagram.com\/swiatwesternu\/\" target=\"_blank\" rel=\"noopener\">Instagramie<\/a><\/p>\n<p>\u27a1\ufe0f\u00a0<a href=\"https:\/\/swiatwesternu.pl\/en\/kontakt\/\">Contact us!<\/a>\u00a0je\u015bli masz pytania lub potrzebujesz pomocy<\/p>","protected":false},"excerpt":{"rendered":"<p>Pasek \u0142\u0105cz\u0105cy popr\u0119gi-Connector strap to praktyczny pasek \u0142\u0105cz\u0105cy popr\u0119gi, przeznaczony do stabilizacji i utrzymania popr\u0119g\u00f3w we w\u0142a\u015bciwej pozycji. Wykonany ze sk\u00f3ry naturalnej, zapewnia trwa\u0142o\u015b\u0107 podczas codziennego u\u017cytkowania.<\/p>\n<p>Cechy produktu:<\/p>\n<ul>\n<li>wykonany z naturalnej sk\u00f3ry<\/li>\n<li>kolor: ciemny br\u0105z<\/li>\n<li>regulacja d\u0142ugo\u015bci dzi\u0119ki kilku otworom<\/li>\n<li>solidne wykonanie<\/li>\n<\/ul>\n<p>Zastosowanie:<\/p>\n<ul>\n<li>\u0142\u0105czy przedni i tylny popr\u0119g<\/li>\n<li>zapobiega przesuwaniu si\u0119 popr\u0119gu<\/li>\n<li>poprawia stabilno\u015b\u0107 siod\u0142a podczas jazdy<\/li>\n<\/ul>\n<p>Dla kogo:<\/p>\n<p>Idealny dla je\u017ad\u017ac\u00f3w western, kt\u00f3rzy chc\u0105 zwi\u0119kszy\u0107 bezpiecze\u0144stwo i komfort u\u017cytkowania sprz\u0119tu.<\/p>","protected":false},"featured_media":16403,"template":"","meta":{"_acf_changed":false,"site-sidebar-layout":"default","site-content-layout":"","ast-site-content-layout":"default","site-content-style":"default","site-sidebar-style":"default","ast-global-header-display":"","ast-banner-title-visibility":"","ast-main-header-display":"","ast-hfb-above-header-display":"","ast-hfb-below-header-display":"","ast-hfb-mobile-header-display":"","site-post-title":"","ast-breadcrumbs-content":"","ast-featured-img":"","footer-sml-layout":"","ast-disable-related-posts":"","theme-transparent-header-meta":"default","adv-header-id-meta":"","stick-header-meta":"","header-above-stick-meta":"","header-main-stick-meta":"","header-below-stick-meta":"","astra-migrate-meta-layouts":"set","ast-page-background-enabled":"default","ast-page-background-meta":{"desktop":{"background-color":"var(--ast-global-color-4)","background-image":"","background-repeat":"repeat","background-position":"center center","background-size":"auto","background-attachment":"scroll","background-type":"","background-media":"","overlay-type":"","overlay-color":"","overlay-opacity":"","overlay-gradient":""},"tablet":{"background-color":"","background-image":"","background-repeat":"repeat","background-position":"center center","background-size":"auto","background-attachment":"scroll","background-type":"","background-media":"","overlay-type":"","overlay-color":"","overlay-opacity":"","overlay-gradient":""},"mobile":{"background-color":"","background-image":"","background-repeat":"repeat","background-position":"center center","background-size":"auto","background-attachment":"scroll","background-type":"","background-media":"","overlay-type":"","overlay-color":"","overlay-opacity":"","overlay-gradient":""}},"ast-content-background-meta":{"desktop":{"background-color":"var(--ast-global-color-5)","background-image":"","background-repeat":"repeat","background-position":"center center","background-size":"auto","background-attachment":"scroll","background-type":"","background-media":"","overlay-type":"","overlay-color":"","overlay-opacity":"","overlay-gradient":""},"tablet":{"background-color":"var(--ast-global-color-5)","background-image":"","background-repeat":"repeat","background-position":"center center","background-size":"auto","background-attachment":"scroll","background-type":"","background-media":"","overlay-type":"","overlay-color":"","overlay-opacity":"","overlay-gradient":""},"mobile":{"background-color":"var(--ast-global-color-5)","background-image":"","background-repeat":"repeat","background-position":"center center","background-size":"auto","background-attachment":"scroll","background-type":"","background-media":"","overlay-type":"","overlay-color":"","overlay-opacity":"","overlay-gradient":""}}},"product_brand":[],"product_cat":[54,21,47],"product_tag":[],"class_list":{"0":"post-16402","1":"product","2":"type-product","3":"status-publish","4":"has-post-thumbnail","6":"product_cat-pozostale","7":"product_cat-kon","8":"product_cat-osprzet_do_siodla","9":"desktop-align-left","10":"tablet-align-left","11":"mobile-align-left","13":"first","14":"instock","15":"shipping-taxable","16":"purchasable","17":"product-type-simple"},"acf":[],"_links":{"self":[{"href":"https:\/\/swiatwesternu.pl\/en\/wp-json\/wp\/v2\/product\/16402","targetHints":{"allow":["GET"]}}],"collection":[{"href":"https:\/\/swiatwesternu.pl\/en\/wp-json\/wp\/v2\/product"}],"about":[{"href":"https:\/\/swiatwesternu.pl\/en\/wp-json\/wp\/v2\/types\/product"}],"wp:featuredmedia":[{"embeddable":true,"href":"https:\/\/swiatwesternu.pl\/en\/wp-json\/wp\/v2\/media\/16403"}],"wp:attachment":[{"href":"https:\/\/swiatwesternu.pl\/en\/wp-json\/wp\/v2\/media?parent=16402"}],"wp:term":[{"taxonomy":"product_brand","embeddable":true,"href":"https:\/\/swiatwesternu.pl\/en\/wp-json\/wp\/v2\/product_brand?post=16402"},{"taxonomy":"product_cat","embeddable":true,"href":"https:\/\/swiatwesternu.pl\/en\/wp-json\/wp\/v2\/product_cat?post=16402"},{"taxonomy":"product_tag","embeddable":true,"href":"https:\/\/swiatwesternu.pl\/en\/wp-json\/wp\/v2\/product_tag?post=16402"}],"curies":[{"name":"wp","href":"https:\/\/api.w.org\/{rel}","templated":true}]}}