{"id":16321,"date":"2021-04-14T19:56:51","date_gmt":"2021-04-14T17:56:51","guid":{"rendered":"https:\/\/swiatwesternu.pl\/?post_type=product&#038;p=16321"},"modified":"2026-04-27T10:18:36","modified_gmt":"2026-04-27T08:18:36","slug":"kowbojki-damskie-ariat-futurity-boon","status":"publish","type":"product","link":"https:\/\/swiatwesternu.pl\/en\/product\/kowbojki-damskie-ariat-futurity-boon\/","title":{"rendered":"Kowbojki damskie Ariat Futurity Boon"},"content":{"rendered":"<p class=\"p1\"><span class=\"s1\">Kliencie produkty w sekcji \u201eNa zam\u00f3wienie\u201d s\u0105 realizowane na Twoje specjalne \u017cyczenie co oznacza, \u017ce produkt nie znajduje si\u0119 w naszym magazynie, a czas realizacji takiego zam\u00f3wienia zajmuje \u015brednio do 14 dni lecz nie jest to sztywny termin i mo\u017ce si\u0119 zdarzy\u0107, \u017ce czas oczekiwania si\u0119 wyd\u0142u\u017cy. <\/span><span class=\"s1\">Istnieje r\u00f3wnie\u017c mo\u017cliwo\u015b\u0107 i\u017c produkt mo\u017ce by\u0107 niedost\u0119pny, w\u00f3wczas skontaktujemy si\u0119 z Tob\u0105. <\/span>Niniejsza oferta stanowi produkt na specjalne zam\u00f3wienie co oznacza, \u017ce nie podlega zwrotowi ani wymianie.<\/p>\n<p class=\"p1\"><strong><span class=\"s2\">Nasz sklep oferuje setki produkt\u00f3w dost\u0119pnych od r\u0119ki z czasem realizacji w 24H, znajdziesz je poza zak\u0142adk\u0105 \u201eNa zam\u00f3wienie\u201d\u00a0<\/span><\/strong><\/p>\n<p class=\"p1\"><span class=\"s1\">Je\u015bli chcesz uzyska\u0107 wi\u0119cej informacji skontaktuj si\u0119 z nami klikaj\u0105c <a href=\"https:\/\/swiatwesternu.pl\/en\/kontakt\/\"><span style=\"color: #3366ff;\"><span style=\"color: #ff00ff;\">tutaj<\/span><\/span><\/a><\/span><\/p>","protected":false},"excerpt":{"rendered":"<p>Kowbojki damskie Ariat Futurity Boon to zaprojektowana we wsp\u00f3\u0142pracy z 26-krotnym mistrzem \u015bwiata w kowbojstwie Trevorem Brazile, kolekcja but\u00f3w Relentless Futurity to nowoczesne podej\u015bcie do tradycji dla dzisiejszej kowbojki. \u015aci\u0119ty nosek,\u00a0 cholewka st\u0119bnowana pi\u0119cionitkowym \u015bciegiem w turkusach i be\u017cach.. Wyj\u0105tkowy komfort i stabilno\u015b\u0107, a tak\u017ce dodatkowa warstwa amortyzacji od pi\u0119ty do palc\u00f3w, sprawi \u017ce poczujesz si\u0119 wyj\u0105tkowo komfortowo przez ca\u0142y dzien.<\/p>\n<ul class=\"product-features-list\">\n<li class=\"features-list-item\">ATS\u00ae technology provides ergonomic support on uneven terrain<\/li>\n<li class=\"features-list-item\">TekStep zapewnia amortyzacj\u0119 od palc\u00f3w do pi\u0119ty, co zapewnia wygod\u0119<\/li>\n<li class=\"features-list-item\">Wyjmowana wk\u0142adka amortyzuj\u0105ca ca\u0142y dzie\u0144<\/li>\n<li class=\"features-list-item\">Podeszwa sk\u00f3rzana, r\u0119cznie przybijana i barwiona<\/li>\n<li class=\"features-list-item\">Pi\u0119ta Duratread\u2122 odporna na zu\u017cycie<\/li>\n<li class=\"features-list-item\">Konstrukcja Goodyear Welt z mo\u017cliwo\u015bci\u0105 wymiany podeszwy<\/li>\n<li class=\"features-list-item\">Wz\u00f3r \u015bciegu sze\u015bciorz\u0119dowego<\/li>\n<\/ul>","protected":false},"featured_media":16328,"template":"","meta":{"_acf_changed":false,"site-sidebar-layout":"default","site-content-layout":"","ast-site-content-layout":"default","site-content-style":"default","site-sidebar-style":"default","ast-global-header-display":"","ast-banner-title-visibility":"","ast-main-header-display":"","ast-hfb-above-header-display":"","ast-hfb-below-header-display":"","ast-hfb-mobile-header-display":"","site-post-title":"","ast-breadcrumbs-content":"","ast-featured-img":"","footer-sml-layout":"","ast-disable-related-posts":"","theme-transparent-header-meta":"default","adv-header-id-meta":"","stick-header-meta":"","header-above-stick-meta":"","header-main-stick-meta":"","header-below-stick-meta":"","astra-migrate-meta-layouts":"set","ast-page-background-enabled":"default","ast-page-background-meta":{"desktop":{"background-color":"var(--ast-global-color-4)","background-image":"","background-repeat":"repeat","background-position":"center center","background-size":"auto","background-attachment":"scroll","background-type":"","background-media":"","overlay-type":"","overlay-color":"","overlay-opacity":"","overlay-gradient":""},"tablet":{"background-color":"","background-image":"","background-repeat":"repeat","background-position":"center center","background-size":"auto","background-attachment":"scroll","background-type":"","background-media":"","overlay-type":"","overlay-color":"","overlay-opacity":"","overlay-gradient":""},"mobile":{"background-color":"","background-image":"","background-repeat":"repeat","background-position":"center center","background-size":"auto","background-attachment":"scroll","background-type":"","background-media":"","overlay-type":"","overlay-color":"","overlay-opacity":"","overlay-gradient":""}},"ast-content-background-meta":{"desktop":{"background-color":"var(--ast-global-color-5)","background-image":"","background-repeat":"repeat","background-position":"center center","background-size":"auto","background-attachment":"scroll","background-type":"","background-media":"","overlay-type":"","overlay-color":"","overlay-opacity":"","overlay-gradient":""},"tablet":{"background-color":"var(--ast-global-color-5)","background-image":"","background-repeat":"repeat","background-position":"center center","background-size":"auto","background-attachment":"scroll","background-type":"","background-media":"","overlay-type":"","overlay-color":"","overlay-opacity":"","overlay-gradient":""},"mobile":{"background-color":"var(--ast-global-color-5)","background-image":"","background-repeat":"repeat","background-position":"center center","background-size":"auto","background-attachment":"scroll","background-type":"","background-media":"","overlay-type":"","overlay-color":"","overlay-opacity":"","overlay-gradient":""}}},"product_brand":[],"product_cat":[261],"product_tag":[],"class_list":{"0":"post-16321","1":"product","2":"type-product","3":"status-publish","4":"has-post-thumbnail","6":"product_cat-produkty-na-zamowienie","7":"desktop-align-left","8":"tablet-align-left","9":"mobile-align-left","11":"first","12":"instock","13":"shipping-taxable","14":"purchasable","15":"product-type-variable"},"acf":[],"_links":{"self":[{"href":"https:\/\/swiatwesternu.pl\/en\/wp-json\/wp\/v2\/product\/16321","targetHints":{"allow":["GET"]}}],"collection":[{"href":"https:\/\/swiatwesternu.pl\/en\/wp-json\/wp\/v2\/product"}],"about":[{"href":"https:\/\/swiatwesternu.pl\/en\/wp-json\/wp\/v2\/types\/product"}],"wp:featuredmedia":[{"embeddable":true,"href":"https:\/\/swiatwesternu.pl\/en\/wp-json\/wp\/v2\/media\/16328"}],"wp:attachment":[{"href":"https:\/\/swiatwesternu.pl\/en\/wp-json\/wp\/v2\/media?parent=16321"}],"wp:term":[{"taxonomy":"product_brand","embeddable":true,"href":"https:\/\/swiatwesternu.pl\/en\/wp-json\/wp\/v2\/product_brand?post=16321"},{"taxonomy":"product_cat","embeddable":true,"href":"https:\/\/swiatwesternu.pl\/en\/wp-json\/wp\/v2\/product_cat?post=16321"},{"taxonomy":"product_tag","embeddable":true,"href":"https:\/\/swiatwesternu.pl\/en\/wp-json\/wp\/v2\/product_tag?post=16321"}],"curies":[{"name":"wp","href":"https:\/\/api.w.org\/{rel}","templated":true}]}}