{"id":12139,"date":"2024-05-07T15:00:04","date_gmt":"2024-05-07T13:00:04","guid":{"rendered":"https:\/\/swiatwesternu.pl\/?post_type=product&#038;p=12139"},"modified":"2026-04-09T15:33:08","modified_gmt":"2026-04-09T13:33:08","slug":"siodlo-westernowe-billy-cook-8915","status":"publish","type":"product","link":"https:\/\/swiatwesternu.pl\/en\/product\/siodlo-westernowe-billy-cook-8915\/","title":{"rendered":"Siod\u0142o westernowe Billy Cook 8915"},"content":{"rendered":"<p><strong>JESTE\u015a ZAINTERESOWANY ZAKUPEM SIOD\u0141A &#8211; SKONTAKTUJ SI\u0118 Z NAMI:\u00a0<\/strong><\/p>\n<ul>\n<li>Tel.: +48\u00a0789 175 970<\/li>\n<li><a href=\"https:\/\/swiatwesternu.pl\/en\/kontakt\/\">E-mail: kontakt@swiatwesternu.pl<\/a><\/li>\n<\/ul>\n<p><strong>Oferujemy pomoc w dopasowaniu siode\u0142 westernowych\u00a0<\/strong><\/p>\n<p><strong><span style=\"color: #339966;\">Siod\u0142o jest dost\u0119pne od r\u0119ki!\u00a0<\/span><\/strong><\/p>\n<p>B\u0105d\u017a na bie\u017c\u0105co z nowo\u015bciami, promocjami i inspiracjami z naszego sklepu. Obserwuj nas w social mediach, gdzie prezentujemy nowe produkty oraz aktualne oferty.<\/p>\n<p>\u27a1\ufe0f Obserwuj nas na\u00a0<a href=\"https:\/\/www.facebook.com\/swiatwesternu\/\" target=\"_blank\" rel=\"noopener\">Facebooku<\/a><\/p>\n<p>\u27a1\ufe0f Obserwuj nas\u00a0na\u00a0<a href=\"https:\/\/www.instagram.com\/swiatwesternu\/\" target=\"_blank\" rel=\"noopener\">Instagramie<\/a><\/p>\n<p>\u27a1\ufe0f\u00a0<a href=\"https:\/\/swiatwesternu.pl\/en\/kontakt\/\">Contact us!<\/a>\u00a0je\u015bli masz pytania lub potrzebujesz pomocy<\/p>\n<p>&nbsp;<\/p>","protected":false},"excerpt":{"rendered":"<p>Siod\u0142o westernowe Billy Cook 8915 to siod\u0142o, kt\u00f3re b\u0119dzie \u015bwietnie wygl\u0105da\u0107 a przy tym b\u0119dzie bardzo wygodne. Ten model zapewnia kilka niezb\u0119dnych funkcji: siod\u0142o zbudowane na drewnianej terlicy, niski r\u00f3g i du\u017ce sk\u00f3rzane strzemiona. Charakteryzuje si\u0119 r\u00f3wnie\u017c pi\u0119knym, r\u0119cznie wykonanym zdobieniem Running \u201cW\u201d border. Sk\u00f3ra w kolorze kasztanowym.<\/p>\n<p><strong>Nowe siod\u0142o westernowe Billy Cook 8915<\/strong><\/p>\n<ul>\n<li>Drewniana terlica<\/li>\n<li>Rozmiar siedziska: 15,5&#8243;<\/li>\n<li>Rozmiar terlicy: FQHB<\/li>\n<li>Du\u017ce sk\u00f3rzane strzemiona z ozdobnym concho<\/li>\n<li>Sk\u00f3ra w kolorze kasztanowym, r\u0119cznie ozdabiania wzorem Running \u201cW\u201d border<\/li>\n<li>Zamszowe siedzisko<\/li>\n<li>Siod\u0142o w komplecie z popr\u0119giem<\/li>\n<li>Sk\u00f3rzany Tie Strap i Off billet<\/li>\n<li>D\u0142ugo\u015b\u0107 siod\u0142a to 68 cm<\/li>\n<\/ul>","protected":false},"featured_media":15932,"template":"","meta":{"_acf_changed":false,"site-sidebar-layout":"default","site-content-layout":"","ast-site-content-layout":"default","site-content-style":"default","site-sidebar-style":"default","ast-global-header-display":"","ast-banner-title-visibility":"","ast-main-header-display":"","ast-hfb-above-header-display":"","ast-hfb-below-header-display":"","ast-hfb-mobile-header-display":"","site-post-title":"","ast-breadcrumbs-content":"","ast-featured-img":"","footer-sml-layout":"","ast-disable-related-posts":"","theme-transparent-header-meta":"default","adv-header-id-meta":"","stick-header-meta":"","header-above-stick-meta":"","header-main-stick-meta":"","header-below-stick-meta":"","astra-migrate-meta-layouts":"set","ast-page-background-enabled":"default","ast-page-background-meta":{"desktop":{"background-color":"var(--ast-global-color-4)","background-image":"","background-repeat":"repeat","background-position":"center center","background-size":"auto","background-attachment":"scroll","background-type":"","background-media":"","overlay-type":"","overlay-color":"","overlay-opacity":"","overlay-gradient":""},"tablet":{"background-color":"","background-image":"","background-repeat":"repeat","background-position":"center center","background-size":"auto","background-attachment":"scroll","background-type":"","background-media":"","overlay-type":"","overlay-color":"","overlay-opacity":"","overlay-gradient":""},"mobile":{"background-color":"","background-image":"","background-repeat":"repeat","background-position":"center center","background-size":"auto","background-attachment":"scroll","background-type":"","background-media":"","overlay-type":"","overlay-color":"","overlay-opacity":"","overlay-gradient":""}},"ast-content-background-meta":{"desktop":{"background-color":"var(--ast-global-color-5)","background-image":"","background-repeat":"repeat","background-position":"center center","background-size":"auto","background-attachment":"scroll","background-type":"","background-media":"","overlay-type":"","overlay-color":"","overlay-opacity":"","overlay-gradient":""},"tablet":{"background-color":"var(--ast-global-color-5)","background-image":"","background-repeat":"repeat","background-position":"center center","background-size":"auto","background-attachment":"scroll","background-type":"","background-media":"","overlay-type":"","overlay-color":"","overlay-opacity":"","overlay-gradient":""},"mobile":{"background-color":"var(--ast-global-color-5)","background-image":"","background-repeat":"repeat","background-position":"center center","background-size":"auto","background-attachment":"scroll","background-type":"","background-media":"","overlay-type":"","overlay-color":"","overlay-opacity":"","overlay-gradient":""}}},"product_brand":[],"product_cat":[25,20],"product_tag":[],"class_list":{"0":"post-12139","1":"product","2":"type-product","3":"status-publish","4":"has-post-thumbnail","6":"product_cat-siodla_nowe","7":"product_cat-siodla","8":"desktop-align-left","9":"tablet-align-left","10":"mobile-align-left","12":"first","13":"instock","14":"shipping-taxable","15":"product-type-simple"},"acf":[],"_links":{"self":[{"href":"https:\/\/swiatwesternu.pl\/en\/wp-json\/wp\/v2\/product\/12139","targetHints":{"allow":["GET"]}}],"collection":[{"href":"https:\/\/swiatwesternu.pl\/en\/wp-json\/wp\/v2\/product"}],"about":[{"href":"https:\/\/swiatwesternu.pl\/en\/wp-json\/wp\/v2\/types\/product"}],"wp:featuredmedia":[{"embeddable":true,"href":"https:\/\/swiatwesternu.pl\/en\/wp-json\/wp\/v2\/media\/15932"}],"wp:attachment":[{"href":"https:\/\/swiatwesternu.pl\/en\/wp-json\/wp\/v2\/media?parent=12139"}],"wp:term":[{"taxonomy":"product_brand","embeddable":true,"href":"https:\/\/swiatwesternu.pl\/en\/wp-json\/wp\/v2\/product_brand?post=12139"},{"taxonomy":"product_cat","embeddable":true,"href":"https:\/\/swiatwesternu.pl\/en\/wp-json\/wp\/v2\/product_cat?post=12139"},{"taxonomy":"product_tag","embeddable":true,"href":"https:\/\/swiatwesternu.pl\/en\/wp-json\/wp\/v2\/product_tag?post=12139"}],"curies":[{"name":"wp","href":"https:\/\/api.w.org\/{rel}","templated":true}]}}