{"id":12055,"date":"2024-05-04T11:59:36","date_gmt":"2024-05-04T09:59:36","guid":{"rendered":"https:\/\/swiatwesternu.pl\/?post_type=product&#038;p=12055"},"modified":"2026-04-13T15:07:22","modified_gmt":"2026-04-13T13:07:22","slug":"siodlo-western-bobs-fappani","status":"publish","type":"product","link":"https:\/\/swiatwesternu.pl\/en\/product\/siodlo-western-bobs-fappani\/","title":{"rendered":"Siod\u0142o western Bob&#8217;s Fappani"},"content":{"rendered":"<p><strong>JESTE\u015a ZAINTERESOWANY ZAKUPEM SIOD\u0141A &#8211; SKONTAKTUJ SI\u0118 Z NAMI:\u00a0<\/strong><\/p>\n<ul>\n<li><strong>Tel.: +48\u00a0789 175 970<\/strong><\/li>\n<li><strong><a href=\"https:\/\/swiatwesternu.pl\/en\/kontakt\/\">E-mail: kontakt@swiatwesternu.pl<\/a><\/strong><\/li>\n<\/ul>\n<p><strong>Oferujemy pomoc w dopasowaniu siode\u0142 westernowych!\u00a0<\/strong><\/p>\n<p>B\u0105d\u017a na bie\u017c\u0105co z nowo\u015bciami, promocjami i inspiracjami z naszego sklepu. Obserwuj nas w social mediach, gdzie prezentujemy nowe produkty oraz aktualne oferty.<\/p>\n<p>\u27a1\ufe0f Obserwuj nas na\u00a0<a href=\"https:\/\/www.facebook.com\/swiatwesternu\/\" target=\"_blank\" rel=\"noopener\">Facebooku<\/a><\/p>\n<p>\u27a1\ufe0f Obserwuj nas\u00a0na\u00a0<a href=\"https:\/\/www.instagram.com\/swiatwesternu\/\" target=\"_blank\" rel=\"noopener\">Instagramie<\/a><\/p>\n<p>\u27a1\ufe0f\u00a0<a href=\"https:\/\/swiatwesternu.pl\/en\/kontakt\/\">Contact us!<\/a>\u00a0je\u015bli masz pytania lub potrzebujesz pomocy<\/p>\n<p>&nbsp;<\/p>","protected":false},"excerpt":{"rendered":"<p>Siod\u0142o western Bob&#8217;s Fappani AF Reiner z podw\u00f3jnie wy\u015bcie\u0142anym siedziskiem AF oraz wzorem basket. Siod\u0142a marki Bob&#8217;s Custom Saddles to najwy\u017csza p\u00f3\u0142ka w\u015br\u00f3d siode\u0142 westernowych, s\u0105 cenione przez je\u017ad\u017ac\u00f3w za jako\u015b\u0107 ich wykonania na ca\u0142ym \u015bwiecie. Siod\u0142a Bob&#8217;s s\u0105 wykonane r\u0119cznie z najwy\u017cszej jako\u015bci dost\u0119pnych surowc\u00f3w. Ka\u017cde siod\u0142o jest r\u0119cznie sprawdzane pod k\u0105tem wykonania. Bob&#8217;s Custom Saddles od 40 lat produkuje wysokiej jako\u015bci siod\u0142a.<\/p>\n<ul data-rte-list=\"default\">\n<li>\n<p class=\"\">Terlica: AF, rozmiar FQH<\/p>\n<\/li>\n<li>\n<p class=\"\">Seat size: 16\u2033<\/p>\n<\/li>\n<li>\n<p class=\"\">Sk\u00f3ra: HERMANN OAK LEATHER<\/p>\n<\/li>\n<li>\n<p class=\"\">Podw\u00f3jnie wy\u015bcie\u0142ane siedzisko AF<\/p>\n<\/li>\n<li>\n<p class=\"\">Kolor siedziska: Czarny<\/p>\n<\/li>\n<li>\n<p class=\"\">Wz\u00f3r: Basket<\/p>\n<\/li>\n<li>\n<p class=\"\">Kolor: \u015aredni olej<\/p>\n<\/li>\n<li>\n<p class=\"\">Styl Conchos: West Coast<\/p>\n<\/li>\n<\/ul>\n<h6>Cena siod\u0142a: 6850\u20ac<\/h6>\n<p><span style=\"text-decoration: underline;\">*<em>Cena podana jest w Euro<\/em><\/span><\/p>\n<p>Cena w PLN jest orientacyjn\u0105 cen\u0105. W\u0142a\u015bciwa cena jest podana w Euro.<\/p>","protected":false},"featured_media":16102,"template":"","meta":{"_acf_changed":false,"site-sidebar-layout":"default","site-content-layout":"","ast-site-content-layout":"default","site-content-style":"default","site-sidebar-style":"default","ast-global-header-display":"","ast-banner-title-visibility":"","ast-main-header-display":"","ast-hfb-above-header-display":"","ast-hfb-below-header-display":"","ast-hfb-mobile-header-display":"","site-post-title":"","ast-breadcrumbs-content":"","ast-featured-img":"","footer-sml-layout":"","ast-disable-related-posts":"","theme-transparent-header-meta":"default","adv-header-id-meta":"","stick-header-meta":"","header-above-stick-meta":"","header-main-stick-meta":"","header-below-stick-meta":"","astra-migrate-meta-layouts":"set","ast-page-background-enabled":"default","ast-page-background-meta":{"desktop":{"background-color":"var(--ast-global-color-4)","background-image":"","background-repeat":"repeat","background-position":"center center","background-size":"auto","background-attachment":"scroll","background-type":"","background-media":"","overlay-type":"","overlay-color":"","overlay-opacity":"","overlay-gradient":""},"tablet":{"background-color":"","background-image":"","background-repeat":"repeat","background-position":"center center","background-size":"auto","background-attachment":"scroll","background-type":"","background-media":"","overlay-type":"","overlay-color":"","overlay-opacity":"","overlay-gradient":""},"mobile":{"background-color":"","background-image":"","background-repeat":"repeat","background-position":"center center","background-size":"auto","background-attachment":"scroll","background-type":"","background-media":"","overlay-type":"","overlay-color":"","overlay-opacity":"","overlay-gradient":""}},"ast-content-background-meta":{"desktop":{"background-color":"var(--ast-global-color-5)","background-image":"","background-repeat":"repeat","background-position":"center center","background-size":"auto","background-attachment":"scroll","background-type":"","background-media":"","overlay-type":"","overlay-color":"","overlay-opacity":"","overlay-gradient":""},"tablet":{"background-color":"var(--ast-global-color-5)","background-image":"","background-repeat":"repeat","background-position":"center center","background-size":"auto","background-attachment":"scroll","background-type":"","background-media":"","overlay-type":"","overlay-color":"","overlay-opacity":"","overlay-gradient":""},"mobile":{"background-color":"var(--ast-global-color-5)","background-image":"","background-repeat":"repeat","background-position":"center center","background-size":"auto","background-attachment":"scroll","background-type":"","background-media":"","overlay-type":"","overlay-color":"","overlay-opacity":"","overlay-gradient":""}}},"product_brand":[],"product_cat":[25,20],"product_tag":[],"class_list":{"0":"post-12055","1":"product","2":"type-product","3":"status-publish","4":"has-post-thumbnail","6":"product_cat-siodla_nowe","7":"product_cat-siodla","8":"desktop-align-left","9":"tablet-align-left","10":"mobile-align-left","12":"first","13":"instock","14":"shipping-taxable","15":"product-type-simple"},"acf":[],"_links":{"self":[{"href":"https:\/\/swiatwesternu.pl\/en\/wp-json\/wp\/v2\/product\/12055","targetHints":{"allow":["GET"]}}],"collection":[{"href":"https:\/\/swiatwesternu.pl\/en\/wp-json\/wp\/v2\/product"}],"about":[{"href":"https:\/\/swiatwesternu.pl\/en\/wp-json\/wp\/v2\/types\/product"}],"wp:featuredmedia":[{"embeddable":true,"href":"https:\/\/swiatwesternu.pl\/en\/wp-json\/wp\/v2\/media\/16102"}],"wp:attachment":[{"href":"https:\/\/swiatwesternu.pl\/en\/wp-json\/wp\/v2\/media?parent=12055"}],"wp:term":[{"taxonomy":"product_brand","embeddable":true,"href":"https:\/\/swiatwesternu.pl\/en\/wp-json\/wp\/v2\/product_brand?post=12055"},{"taxonomy":"product_cat","embeddable":true,"href":"https:\/\/swiatwesternu.pl\/en\/wp-json\/wp\/v2\/product_cat?post=12055"},{"taxonomy":"product_tag","embeddable":true,"href":"https:\/\/swiatwesternu.pl\/en\/wp-json\/wp\/v2\/product_tag?post=12055"}],"curies":[{"name":"wp","href":"https:\/\/api.w.org\/{rel}","templated":true}]}}