{"id":11917,"date":"2024-05-02T11:12:19","date_gmt":"2024-05-02T09:12:19","guid":{"rendered":"https:\/\/swiatwesternu.pl\/?post_type=product&#038;p=11917"},"modified":"2026-04-27T10:24:40","modified_gmt":"2026-04-27T08:24:40","slug":"napiersnik-westernowy-silver","status":"publish","type":"product","link":"https:\/\/swiatwesternu.pl\/en\/product\/napiersnik-westernowy-silver\/","title":{"rendered":"Napier\u015bnik westernowy Silver"},"content":{"rendered":"","protected":false},"excerpt":{"rendered":"<p>Napier\u015bnik westernowy Silver<\/p>\n<p>Napier\u015bnik sk\u00f3rzany western to element rz\u0119du zaprojektowany z my\u015bl\u0105 o stabilizacji siod\u0142a oraz komforcie pracy konia. Dzi\u0119ki swojej konstrukcji w kszta\u0142cie litery \u201eY\u201d skutecznie zapobiega przesuwaniu si\u0119 siod\u0142a, szczeg\u00f3lnie podczas intensywnego u\u017cytkowania w terenie czy treningach sportowych. Wykonany z wysokiej jako\u015bci sk\u00f3ry \u0142\u0105czy trwa\u0142o\u015b\u0107 z eleganckim wygl\u0105dem. Regulowane paski pozwalaj\u0105 na precyzyjne dopasowanie do sylwetki konia.<\/p>\n<p>Najwa\u017cniejsze cechy:<\/p>\n<ul>\n<li>klasyczny napier\u015bnik typu Westen (Y)<\/li>\n<li>stabilizacja siod\u0142a podczas jazdy<\/li>\n<li>\u00a0naturalna sk\u00f3ra<\/li>\n<li>regulacja d\u0142ugo\u015bci dla idealnego dopasowania<\/li>\n<li>solidne sprz\u0105czki i okucia<\/li>\n<li>\u0142atwy monta\u017c do siod\u0142a<\/li>\n<\/ul>\n<p>Idealny wyb\u00f3r dla je\u017ad\u017ac\u00f3w ceni\u0105cych po\u0142\u0105czenie funkcjonalno\u015bci, trwa\u0142o\u015bci i estetyki.<\/p>","protected":false},"featured_media":16117,"template":"","meta":{"_acf_changed":false,"site-sidebar-layout":"default","site-content-layout":"","ast-site-content-layout":"default","site-content-style":"default","site-sidebar-style":"default","ast-global-header-display":"","ast-banner-title-visibility":"","ast-main-header-display":"","ast-hfb-above-header-display":"","ast-hfb-below-header-display":"","ast-hfb-mobile-header-display":"","site-post-title":"","ast-breadcrumbs-content":"","ast-featured-img":"","footer-sml-layout":"","ast-disable-related-posts":"","theme-transparent-header-meta":"default","adv-header-id-meta":"","stick-header-meta":"","header-above-stick-meta":"","header-main-stick-meta":"","header-below-stick-meta":"","astra-migrate-meta-layouts":"set","ast-page-background-enabled":"default","ast-page-background-meta":{"desktop":{"background-color":"var(--ast-global-color-4)","background-image":"","background-repeat":"repeat","background-position":"center center","background-size":"auto","background-attachment":"scroll","background-type":"","background-media":"","overlay-type":"","overlay-color":"","overlay-opacity":"","overlay-gradient":""},"tablet":{"background-color":"","background-image":"","background-repeat":"repeat","background-position":"center center","background-size":"auto","background-attachment":"scroll","background-type":"","background-media":"","overlay-type":"","overlay-color":"","overlay-opacity":"","overlay-gradient":""},"mobile":{"background-color":"","background-image":"","background-repeat":"repeat","background-position":"center center","background-size":"auto","background-attachment":"scroll","background-type":"","background-media":"","overlay-type":"","overlay-color":"","overlay-opacity":"","overlay-gradient":""}},"ast-content-background-meta":{"desktop":{"background-color":"var(--ast-global-color-5)","background-image":"","background-repeat":"repeat","background-position":"center center","background-size":"auto","background-attachment":"scroll","background-type":"","background-media":"","overlay-type":"","overlay-color":"","overlay-opacity":"","overlay-gradient":""},"tablet":{"background-color":"var(--ast-global-color-5)","background-image":"","background-repeat":"repeat","background-position":"center center","background-size":"auto","background-attachment":"scroll","background-type":"","background-media":"","overlay-type":"","overlay-color":"","overlay-opacity":"","overlay-gradient":""},"mobile":{"background-color":"var(--ast-global-color-5)","background-image":"","background-repeat":"repeat","background-position":"center center","background-size":"auto","background-attachment":"scroll","background-type":"","background-media":"","overlay-type":"","overlay-color":"","overlay-opacity":"","overlay-gradient":""}}},"product_brand":[],"product_cat":[48,21,47],"product_tag":[],"class_list":{"0":"post-11917","1":"product","2":"type-product","3":"status-publish","4":"has-post-thumbnail","6":"product_cat-napiersniki_i_wytoki","7":"product_cat-kon","8":"product_cat-osprzet_do_siodla","9":"desktop-align-left","10":"tablet-align-left","11":"mobile-align-left","13":"first","14":"instock","15":"shipping-taxable","16":"purchasable","17":"product-type-simple"},"acf":[],"_links":{"self":[{"href":"https:\/\/swiatwesternu.pl\/en\/wp-json\/wp\/v2\/product\/11917","targetHints":{"allow":["GET"]}}],"collection":[{"href":"https:\/\/swiatwesternu.pl\/en\/wp-json\/wp\/v2\/product"}],"about":[{"href":"https:\/\/swiatwesternu.pl\/en\/wp-json\/wp\/v2\/types\/product"}],"wp:featuredmedia":[{"embeddable":true,"href":"https:\/\/swiatwesternu.pl\/en\/wp-json\/wp\/v2\/media\/16117"}],"wp:attachment":[{"href":"https:\/\/swiatwesternu.pl\/en\/wp-json\/wp\/v2\/media?parent=11917"}],"wp:term":[{"taxonomy":"product_brand","embeddable":true,"href":"https:\/\/swiatwesternu.pl\/en\/wp-json\/wp\/v2\/product_brand?post=11917"},{"taxonomy":"product_cat","embeddable":true,"href":"https:\/\/swiatwesternu.pl\/en\/wp-json\/wp\/v2\/product_cat?post=11917"},{"taxonomy":"product_tag","embeddable":true,"href":"https:\/\/swiatwesternu.pl\/en\/wp-json\/wp\/v2\/product_tag?post=11917"}],"curies":[{"name":"wp","href":"https:\/\/api.w.org\/{rel}","templated":true}]}}